{"id":62,"date":"2011-11-17T09:28:46","date_gmt":"2011-11-17T08:28:46","guid":{"rendered":"http:\/\/www.china-einfach.de\/?page_id=62"},"modified":"2021-12-29T23:34:21","modified_gmt":"2021-12-29T22:34:21","slug":"einzelunterricht","status":"publish","type":"page","link":"https:\/\/china-einfach.de\/?page_id=62","title":{"rendered":"Einzelstunden"},"content":{"rendered":"<h5>Keinen passenden Kurs gefunden?<br \/>\nOder Sie wollen die Inhalte des Unterrichts selbst bestimmen?<\/h5>\n<p>In intensiven Einzelstunden, speziell auf Ihre individuellen Bed\u00fcrfnisse abgestimmt, lernen Sie genau das, was Sie f\u00fcr Ihren n\u00e4chsten Aufenthalt in China brauchen.<\/p>\n<ul>\n<li>Praktikum\/Studium in China<\/li>\n<li>Gesch\u00e4ftsreise<\/li>\n<li>l\u00e4ngerer Arbeitsaufenthalt<\/li>\n<li>Urlaub<\/li>\n<li>Besuch von Freunden\/Verwandten<\/li>\n<\/ul>\n","protected":false},"excerpt":{"rendered":"<p>Keinen passenden Kurs gefunden? Oder Sie wollen die Inhalte des Unterrichts selbst bestimmen? In intensiven Einzelstunden, speziell auf Ihre individuellen Bed\u00fcrfnisse abgestimmt, lernen Sie genau das, was Sie f\u00fcr Ihren n\u00e4chsten Aufenthalt in China brauchen. Praktikum\/Studium in China Gesch\u00e4ftsreise l\u00e4ngerer Arbeitsaufenthalt Urlaub Besuch von Freunden\/Verwandten<\/p>\n","protected":false},"author":4,"featured_media":0,"parent":34,"menu_order":2,"comment_status":"closed","ping_status":"closed","template":"","meta":{"footnotes":""},"class_list":["post-62","page","type-page","status-publish","hentry"],"_links":{"self":[{"href":"https:\/\/china-einfach.de\/index.php?rest_route=\/wp\/v2\/pages\/62"}],"collection":[{"href":"https:\/\/china-einfach.de\/index.php?rest_route=\/wp\/v2\/pages"}],"about":[{"href":"https:\/\/china-einfach.de\/index.php?rest_route=\/wp\/v2\/types\/page"}],"author":[{"embeddable":true,"href":"https:\/\/china-einfach.de\/index.php?rest_route=\/wp\/v2\/users\/4"}],"replies":[{"embeddable":true,"href":"https:\/\/china-einfach.de\/index.php?rest_route=%2Fwp%2Fv2%2Fcomments&post=62"}],"version-history":[{"count":11,"href":"https:\/\/china-einfach.de\/index.php?rest_route=\/wp\/v2\/pages\/62\/revisions"}],"predecessor-version":[{"id":885,"href":"https:\/\/china-einfach.de\/index.php?rest_route=\/wp\/v2\/pages\/62\/revisions\/885"}],"up":[{"embeddable":true,"href":"https:\/\/china-einfach.de\/index.php?rest_route=\/wp\/v2\/pages\/34"}],"wp:attachment":[{"href":"https:\/\/china-einfach.de\/index.php?rest_route=%2Fwp%2Fv2%2Fmedia&parent=62"}],"curies":[{"name":"wp","href":"https:\/\/api.w.org\/{rel}","templated":true}]}}