{"id":42,"date":"2011-11-17T08:44:16","date_gmt":"2011-11-17T07:44:16","guid":{"rendered":"http:\/\/www.china-einfach.de\/?page_id=42"},"modified":"2021-12-05T11:22:30","modified_gmt":"2021-12-05T10:22:30","slug":"impressum","status":"publish","type":"page","link":"https:\/\/china-einfach.de\/?page_id=42","title":{"rendered":"Impressum"},"content":{"rendered":"<h4>Allgemein<\/h4>\n<p>Gem\u00e4\u00df \u00a7 28 Bundesdatenschutzgesetz (BDSG) widerspreche ich jeder kommerziellen Verwendung und Weitergabe aller auf dieser Website befindlichen Daten.<\/p>\n<h4>Verantwortungsbereich<\/h4>\n<p>Dieses Impressum gilt nur f\u00fcr die Internetpr\u00e4senz unter der Adresse: <a href=\"http:\/\/china-einfach.de\/\">http:\/\/china-einfach.de\/<\/a><\/p>\n<h4>Abgrenzung<\/h4>\n<p>Die Web-Pr\u00e4senz ist Teil des WWW und dementsprechend mit fremden, sich jederzeit wandeln k\u00f6nnenden Web-Sites verkn\u00fcpft, die folglich auch nicht diesem Verantwortungsbereich unterliegen und f\u00fcr die nachfolgende Informationen nicht gelten. Dass die Links weder gegen Sitten noch Gesetze versto\u00dfen, wurde genau einmal gepr\u00fcft: bevor sie hier aufgenommen wurden. Sollten bereits verlinkte Seiten gegen Sitten oder Gesetze versto\u00dfen, so werden die entsprechenden Links unverz\u00fcglich entfernt, sobald ich Kenntnis davon erlange. Solche Links, die zu fremden Webprojekten f\u00fchren, erkennen Sie daran, dass diese sich in einem neuen Browser-Fenster \u00f6ffnen.<\/p>\n<h4>Verantwortlicher Ansprechpartner<\/h4>\n<p>Chinesische Sprache &amp; Kultur<br \/>\nDr. Susanne Schimanski<br \/>\nAm Krausen B\u00e4umchen 108<br \/>\n45136 Essen<\/p>\n<p>E-mail: info(at)china-einfach.de<br \/>\nWeb: <a href=\"http:\/\/china-einfach.de\/\">www.china-einfach.de<\/a><\/p>\n<p>Steuernummer: 112\/5366\/1991<\/p>\n<p>Kein Umsatzsteuerausweis aufgrund der Kleinunternehmerregelung \u00a7 19 UStG.<\/p>\n<h4>Inhaltlich Verantwortlicher gem\u00e4\u00df \u00a7 10 Absatz 3 Mediendienste-Staatsvertrag (MDStV)<\/h4>\n<p>Dr. Susanne Schimanski (Anschrift wie oben)<\/p>\n<h4>Copyright<\/h4>\n<p>Die Dienste und Materialien auf dieser Website sind durch das Urheberrecht und\/oder andere Gesetze zu geistigem Eigentum gesch\u00fctzt. Jeder unbefugte Gebrauch der Dienste und Materialien auf dieser Website kann eine Verletzung dieser Gesetze zur Folge haben. Das Copyright f\u00fcr ver\u00f6ffentlichte, von mir selbst erstellte Dokumente \/ Bilder bleibt allein bei mir. Eine Vervielf\u00e4ltigung oder Verwendung solcher Grafiken, Tondokumente, Videosequenzen und Texte in anderen elektronischen oder gedruckten Publikationen ist ohne meine ausdr\u00fcckliche Zustimmung nicht gestattet. Sofern nicht ausdr\u00fccklich genehmigt, ist die Vervielf\u00e4ltigung von Informationen oder Dokumenten auf dieser Publikation in irgendeiner Form ohne eine vorherige schriftliche Erlaubnis vom f\u00fcr diese Website Verantwortlichen (siehe oben) untersagt.<\/p>\n<h4>Keine Haftung<\/h4>\n<p>Die Inhalte dieses Webprojektes wurden sorgf\u00e4ltig gepr\u00fcft und nach bestem Wissen erstellt. Trotzdem wird f\u00fcr die hier dargebotenen Informationen kein Anspruch auf Vollst\u00e4ndigkeit, Aktualit\u00e4t, Qualit\u00e4t und Richtigkeit erhoben. Es kann keine Verantwortung f\u00fcr Sch\u00e4den \u00fcbernommen werden, die durch das Vertrauen auf die Inhalte dieser Website oder deren Gebrauch entstehen.<\/p>\n<h4>Schutzrechtsverletzung<\/h4>\n<p>Falls Sie vermuten, dass von dieser Website aus eines Ihrer Schutzrechte verletzt wird, teilen Sie das bitte umgehend per elektronischer Post mit, damit z\u00fcgig Abhilfe geschafft werden kann. Bitte nehmen Sie zur Kenntnis: Die zeitaufw\u00e4ndigere Einschaltung eines Anwaltes zur f\u00fcr den Diensteanbieter \/ Webseitenverantwortlichen kostenpflichtigen Abmahnung entspricht nicht dessen wirklichen oder mutma\u00dflichen Willen.<\/p>\n","protected":false},"excerpt":{"rendered":"<p>Allgemein Gem\u00e4\u00df \u00a7 28 Bundesdatenschutzgesetz (BDSG) widerspreche ich jeder kommerziellen Verwendung und Weitergabe aller auf dieser Website befindlichen Daten. Verantwortungsbereich Dieses Impressum gilt nur f\u00fcr die Internetpr\u00e4senz unter der Adresse: http:\/\/china-einfach.de\/ Abgrenzung Die Web-Pr\u00e4senz ist Teil des WWW und dementsprechend mit fremden, sich jederzeit wandeln k\u00f6nnenden Web-Sites verkn\u00fcpft, die folglich auch nicht diesem Verantwortungsbereich unterliegen [&hellip;]<\/p>\n","protected":false},"author":4,"featured_media":0,"parent":0,"menu_order":8,"comment_status":"closed","ping_status":"closed","template":"","meta":{"footnotes":""},"class_list":["post-42","page","type-page","status-publish","hentry"],"_links":{"self":[{"href":"https:\/\/china-einfach.de\/index.php?rest_route=\/wp\/v2\/pages\/42"}],"collection":[{"href":"https:\/\/china-einfach.de\/index.php?rest_route=\/wp\/v2\/pages"}],"about":[{"href":"https:\/\/china-einfach.de\/index.php?rest_route=\/wp\/v2\/types\/page"}],"author":[{"embeddable":true,"href":"https:\/\/china-einfach.de\/index.php?rest_route=\/wp\/v2\/users\/4"}],"replies":[{"embeddable":true,"href":"https:\/\/china-einfach.de\/index.php?rest_route=%2Fwp%2Fv2%2Fcomments&post=42"}],"version-history":[{"count":17,"href":"https:\/\/china-einfach.de\/index.php?rest_route=\/wp\/v2\/pages\/42\/revisions"}],"predecessor-version":[{"id":736,"href":"https:\/\/china-einfach.de\/index.php?rest_route=\/wp\/v2\/pages\/42\/revisions\/736"}],"wp:attachment":[{"href":"https:\/\/china-einfach.de\/index.php?rest_route=%2Fwp%2Fv2%2Fmedia&parent=42"}],"curies":[{"name":"wp","href":"https:\/\/api.w.org\/{rel}","templated":true}]}}