{"id":36,"date":"2011-11-17T08:42:26","date_gmt":"2011-11-17T07:42:26","guid":{"rendered":"http:\/\/www.china-einfach.de\/?page_id=36"},"modified":"2021-12-29T15:49:58","modified_gmt":"2021-12-29T14:49:58","slug":"kultur","status":"publish","type":"page","link":"https:\/\/china-einfach.de\/?page_id=36","title":{"rendered":"Kultur"},"content":{"rendered":"<p>China kann auf eine etwa 5000-j\u00e4hrige Kulturgeschichte zur\u00fcckblicken. Doch was macht die Chinesische Kultur aus? Was genau ist China?<\/p>\n<p>Ein Land zwischen Tradition und Moderne, gepr\u00e4gt von starken Gegens\u00e4tzen, macht es schwer, ein einheitliches Bild zu zeichnen. Antworten finden sich in der Geschichte Chinas, wo auch seine kulturellen Wurzeln liegen. Die chinesische Geschichtsschreibung geh\u00f6rt zu den umfangreichsten der Welt. Dies ist vor allem der chinesischen Schrift zu verdanken, einem Zeichensystem, das sich \u00fcber die Jahrtausende bew\u00e4hrt hat und nicht zuletzt die Basis der chinesischen Kultur bildet.<\/p>\n<p>Weiterhin ist die chinesische Kultur gepr\u00e4gt durch verschiedene philosophische und weltanschauliche Traditionen. Sowohl Ahnenverehrung und Naturphilosophie, als auch Konfuzianismus, Daoismus und Buddhismus, sowie ausl\u00e4ndische christliche Einfl\u00fcsse und auch der Kommunismus mit seiner Kulturrevolution haben ihre Spuren hinterlassen.<\/p>\n<p>Hinzu kommen eine Reihe charakteristischer Wesensz\u00fcge, die sich im Denken und Handeln der Chinesen widerspiegeln. So wird der Einzelne\u00a0vorrangig \u00fcber seine sozialen Beziehungen definiert, \u00fcber\u00a0welche er in die Gesellschaft eingebunden ist. Damit einher geht das Streben nach Harmonie und die Wahrung des Gesichts. Beides dient dem Erhalt des statusgebenden Beziehungsgeflechts.<\/p>\n<p>Chinesische Kultur ist aber noch mehr: ein Volk mit 56 Minderheiten, einer Geschichte eigener Erfindungen, Malerei und Kalligraphie, Literatur, Kunst und Musik. Und nicht zu vergessen, die t\u00e4glichen Gewohnheiten der Menschen, ihre Feiertage und Rituale, sowie die chinesische K\u00fcche mit ihrer regionalen Vielfalt.<\/p>\n<p>\u00a0<\/p>\n<p style=\"text-align: center;\"><img loading=\"lazy\" decoding=\"async\" class=\"aligncenter size-medium wp-image-348\" style=\"border: 1px solid black; margin-top: 8px; margin-bottom: 8px;\" title=\"Pingyao\" src=\"https:\/\/china-einfach.de\/wp-content\/uploads\/2011\/11\/Pingyao-300x224.jpg\" alt=\"\" width=\"300\" height=\"225\" srcset=\"https:\/\/china-einfach.de\/wp-content\/uploads\/2011\/11\/Pingyao-300x224.jpg 300w, https:\/\/china-einfach.de\/wp-content\/uploads\/2011\/11\/Pingyao.jpg 448w\" sizes=\"(max-width: 300px) 100vw, 300px\" \/><\/p>\n<p>\u00a0<\/p>\n\n\n<div class=\"wp-block-buttons is-content-justification-center is-layout-flex wp-block-buttons-is-layout-flex\">\n<div class=\"wp-block-button\"><a class=\"wp-block-button__link\" href=\"https:\/\/china-einfach.de\/?page_id=353\">Seminare<\/a><\/div>\n<\/div>\n","protected":false},"excerpt":{"rendered":"<p>China kann auf eine etwa 5000-j\u00e4hrige Kulturgeschichte zur\u00fcckblicken. Doch was macht die Chinesische Kultur aus? Was genau ist China? Ein Land zwischen Tradition und Moderne, gepr\u00e4gt von starken Gegens\u00e4tzen, macht es schwer, ein einheitliches Bild zu zeichnen. Antworten finden sich in der Geschichte Chinas, wo auch seine kulturellen Wurzeln liegen. Die chinesische Geschichtsschreibung geh\u00f6rt zu [&hellip;]<\/p>\n","protected":false},"author":4,"featured_media":0,"parent":0,"menu_order":3,"comment_status":"closed","ping_status":"closed","template":"","meta":{"footnotes":""},"class_list":["post-36","page","type-page","status-publish","hentry"],"_links":{"self":[{"href":"https:\/\/china-einfach.de\/index.php?rest_route=\/wp\/v2\/pages\/36"}],"collection":[{"href":"https:\/\/china-einfach.de\/index.php?rest_route=\/wp\/v2\/pages"}],"about":[{"href":"https:\/\/china-einfach.de\/index.php?rest_route=\/wp\/v2\/types\/page"}],"author":[{"embeddable":true,"href":"https:\/\/china-einfach.de\/index.php?rest_route=\/wp\/v2\/users\/4"}],"replies":[{"embeddable":true,"href":"https:\/\/china-einfach.de\/index.php?rest_route=%2Fwp%2Fv2%2Fcomments&post=36"}],"version-history":[{"count":14,"href":"https:\/\/china-einfach.de\/index.php?rest_route=\/wp\/v2\/pages\/36\/revisions"}],"predecessor-version":[{"id":849,"href":"https:\/\/china-einfach.de\/index.php?rest_route=\/wp\/v2\/pages\/36\/revisions\/849"}],"wp:attachment":[{"href":"https:\/\/china-einfach.de\/index.php?rest_route=%2Fwp%2Fv2%2Fmedia&parent=36"}],"curies":[{"name":"wp","href":"https:\/\/api.w.org\/{rel}","templated":true}]}}