{"id":353,"date":"2012-03-31T11:14:21","date_gmt":"2012-03-31T10:14:21","guid":{"rendered":"http:\/\/www.china-einfach.de\/?page_id=353"},"modified":"2012-03-31T12:42:09","modified_gmt":"2012-03-31T11:42:09","slug":"seminare","status":"publish","type":"page","link":"https:\/\/china-einfach.de\/?page_id=353","title":{"rendered":"Seminare"},"content":{"rendered":"<p>F\u00fcr den Erfolg in China ist es wichtig, die Gewohnheiten des Gegen\u00fcbers zu kennen und so kulturelle Barrieren leichter zu \u00fcberwinden. Dabei spielt auch die eigene Kultur eine Rolle, denn erst wenn man wei\u00df, wo die Unterschiede liegen, kann man mit ihnen umgehen. Lernen Sie die\u00a0 Verhaltensweisen der Chinesen\u00a0zu\u00a0verstehen, um die Eingew\u00f6hnungszeit in China zu verk\u00fcrzen, schneller Kontakte zu kn\u00fcpfen und sicherer in Verhandlungen zu gehen.<\/p>\n<p>Erfahren Sie in Seminaren mit verschiedenen Schwerpunkten mehr \u00fcber:<\/p>\n<ul>\n<li>Denken und Handeln der Chinesen<\/li>\n<li>Unterschiede zwischen Deutschen und Chinesen<\/li>\n<li>Geschichte und Philosophie Chinas<\/li>\n<li>Chinesische Schrift\/ Kalligraphie<\/li>\n<li>Mentalit\u00e4t<\/li>\n<li>K\u00f6rpersprache<\/li>\n<li>Umgangsformen<\/li>\n<li>Gesicht wahren<\/li>\n<li>Einladungen<\/li>\n<li>Gastgeschenke<\/li>\n<li>Trink-, und Esskultur<\/li>\n<li>usw.<\/li>\n<\/ul>\n","protected":false},"excerpt":{"rendered":"<p>F\u00fcr den Erfolg in China ist es wichtig, die Gewohnheiten des Gegen\u00fcbers zu kennen und so kulturelle Barrieren leichter zu \u00fcberwinden. Dabei spielt auch die eigene Kultur eine Rolle, denn erst wenn man wei\u00df, wo die Unterschiede liegen, kann man mit ihnen umgehen. Lernen Sie die\u00a0 Verhaltensweisen der Chinesen\u00a0zu\u00a0verstehen, um die Eingew\u00f6hnungszeit in China zu [&hellip;]<\/p>\n","protected":false},"author":4,"featured_media":0,"parent":36,"menu_order":1,"comment_status":"closed","ping_status":"closed","template":"","meta":{"footnotes":""},"class_list":["post-353","page","type-page","status-publish","hentry"],"_links":{"self":[{"href":"https:\/\/china-einfach.de\/index.php?rest_route=\/wp\/v2\/pages\/353"}],"collection":[{"href":"https:\/\/china-einfach.de\/index.php?rest_route=\/wp\/v2\/pages"}],"about":[{"href":"https:\/\/china-einfach.de\/index.php?rest_route=\/wp\/v2\/types\/page"}],"author":[{"embeddable":true,"href":"https:\/\/china-einfach.de\/index.php?rest_route=\/wp\/v2\/users\/4"}],"replies":[{"embeddable":true,"href":"https:\/\/china-einfach.de\/index.php?rest_route=%2Fwp%2Fv2%2Fcomments&post=353"}],"version-history":[{"count":6,"href":"https:\/\/china-einfach.de\/index.php?rest_route=\/wp\/v2\/pages\/353\/revisions"}],"predecessor-version":[{"id":359,"href":"https:\/\/china-einfach.de\/index.php?rest_route=\/wp\/v2\/pages\/353\/revisions\/359"}],"up":[{"embeddable":true,"href":"https:\/\/china-einfach.de\/index.php?rest_route=\/wp\/v2\/pages\/36"}],"wp:attachment":[{"href":"https:\/\/china-einfach.de\/index.php?rest_route=%2Fwp%2Fv2%2Fmedia&parent=353"}],"curies":[{"name":"wp","href":"https:\/\/api.w.org\/{rel}","templated":true}]}}