{"id":34,"date":"2011-11-17T08:41:32","date_gmt":"2011-11-17T07:41:32","guid":{"rendered":"http:\/\/www.china-einfach.de\/?page_id=34"},"modified":"2021-12-29T23:30:04","modified_gmt":"2021-12-29T22:30:04","slug":"sprache","status":"publish","type":"page","link":"https:\/\/china-einfach.de\/?page_id=34","title":{"rendered":"Sprache"},"content":{"rendered":"<p>Englisch ist in China mittlerweile sehr verbreitet, jedoch f\u00fchrt das Kommunizieren \u00fcber eine dritte Sprache schnell zu Informationsverlusten und Missverst\u00e4ndnissen. Langfristig ist es daher sinnvoll, sich mit der chinesischen Sprache zu besch\u00e4ftigen und \u00fcber diesen Weg zugleich Einblicke in die chinesische Kultur zu erhalten. Denn schon mit geringen Sprachkenntnissen und ein wenig interkulturellem Verst\u00e4ndnis lassen sich vorhandene Barrieren abbauen und eigene Ziele schneller erreichen.<\/p>\n<p>Chinesisch ist, wenn man von den Schriftzeichen vorerst einmal absieht, eigentlich ganz einfach. So kommt die Grammatik beispielsweise v\u00f6llig ohne F\u00e4lle, Konjugationen, Deklinationen und Tempi aus. Das Zeichen <em>w\u014f<\/em> \u6211 bedeutet demnach nicht nur &#8222;ich&#8220;, sondern auch &#8222;mein&#8220;, &#8222;mir&#8220;, &#8222;mich&#8220;, &#8222;meins&#8220;, &#8222;meiner&#8220;, &#8222;meinem&#8220;&#8230;.usw.<\/p>\n<p>Wer sich beim Erlernen der Sprache auf die Lautumschrift <em>Pinyin <\/em>beschr\u00e4nkt, kann also in relativ kurzer Zeit schon erste Erfolge erzielen.<\/p>\n<p style=\"text-align: center;\">\u00a0<\/p>\n\n\n<h4 class=\"has-text-align-center wp-block-heading\"><a href=\"https:\/\/china-einfach.de\/?page_id=57\">Kurse<\/a><\/h4>\n\n\n\n<h4 class=\"has-text-align-center wp-block-heading\"><a href=\"https:\/\/china-einfach.de\/?page_id=62\">Einzelstunden<\/a><\/h4>\n","protected":false},"excerpt":{"rendered":"<p>Englisch ist in China mittlerweile sehr verbreitet, jedoch f\u00fchrt das Kommunizieren \u00fcber eine dritte Sprache schnell zu Informationsverlusten und Missverst\u00e4ndnissen. Langfristig ist es daher sinnvoll, sich mit der chinesischen Sprache zu besch\u00e4ftigen und \u00fcber diesen Weg zugleich Einblicke in die chinesische Kultur zu erhalten. Denn schon mit geringen Sprachkenntnissen und ein wenig interkulturellem Verst\u00e4ndnis lassen [&hellip;]<\/p>\n","protected":false},"author":4,"featured_media":0,"parent":0,"menu_order":2,"comment_status":"closed","ping_status":"closed","template":"","meta":{"footnotes":""},"class_list":["post-34","page","type-page","status-publish","hentry"],"_links":{"self":[{"href":"https:\/\/china-einfach.de\/index.php?rest_route=\/wp\/v2\/pages\/34"}],"collection":[{"href":"https:\/\/china-einfach.de\/index.php?rest_route=\/wp\/v2\/pages"}],"about":[{"href":"https:\/\/china-einfach.de\/index.php?rest_route=\/wp\/v2\/types\/page"}],"author":[{"embeddable":true,"href":"https:\/\/china-einfach.de\/index.php?rest_route=\/wp\/v2\/users\/4"}],"replies":[{"embeddable":true,"href":"https:\/\/china-einfach.de\/index.php?rest_route=%2Fwp%2Fv2%2Fcomments&post=34"}],"version-history":[{"count":20,"href":"https:\/\/china-einfach.de\/index.php?rest_route=\/wp\/v2\/pages\/34\/revisions"}],"predecessor-version":[{"id":882,"href":"https:\/\/china-einfach.de\/index.php?rest_route=\/wp\/v2\/pages\/34\/revisions\/882"}],"wp:attachment":[{"href":"https:\/\/china-einfach.de\/index.php?rest_route=%2Fwp%2Fv2%2Fmedia&parent=34"}],"curies":[{"name":"wp","href":"https:\/\/api.w.org\/{rel}","templated":true}]}}