{"id":201,"date":"2011-11-26T19:51:27","date_gmt":"2011-11-26T18:51:27","guid":{"rendered":"http:\/\/www.china-einfach.de\/?page_id=201"},"modified":"2011-11-27T17:28:12","modified_gmt":"2011-11-27T16:28:12","slug":"kommunikation","status":"publish","type":"page","link":"https:\/\/china-einfach.de\/?page_id=201","title":{"rendered":"Kommunikation"},"content":{"rendered":"<p>In der t\u00e4glichen Kommunikation kommt es aufgrund sprachlicher und kultureller Unterschiede schnell zu Missverst\u00e4ndissen, die Zeit und Geld kosten. Daher kann es sinnvoll sein, Ihrem chinesischen Gesch\u00e4ftspartner die M\u00f6glichkeit zu geben, in seiner Muttersprache zu kommunizieren. Dies verringert nicht nur die Hemmschwelle f\u00fcr eine Kontaktaufnahme, sondern erleichtert die gesamte Kommunikation.\u00a0Ob nur zu Beginn der Verhandlungen oder f\u00fcr ein ganzes Projekt.<\/p>\n<p>Gerne unterst\u00fctze ich Sie bei:<\/p>\n<ul>\n<li>Korrespondenz<\/li>\n<li>Email-Verkehr<\/li>\n<li>Telefonate<\/li>\n<li>Betreuung chinesischer G\u00e4ste in Deutschland<\/li>\n<li>Begleitung auf Messen<\/li>\n<li>Begleitung nach China<\/li>\n<li>etc.<\/li>\n<\/ul>\n","protected":false},"excerpt":{"rendered":"<p>In der t\u00e4glichen Kommunikation kommt es aufgrund sprachlicher und kultureller Unterschiede schnell zu Missverst\u00e4ndissen, die Zeit und Geld kosten. Daher kann es sinnvoll sein, Ihrem chinesischen Gesch\u00e4ftspartner die M\u00f6glichkeit zu geben, in seiner Muttersprache zu kommunizieren. Dies verringert nicht nur die Hemmschwelle f\u00fcr eine Kontaktaufnahme, sondern erleichtert die gesamte Kommunikation.\u00a0Ob nur zu Beginn der Verhandlungen [&hellip;]<\/p>\n","protected":false},"author":4,"featured_media":0,"parent":38,"menu_order":1,"comment_status":"closed","ping_status":"closed","template":"","meta":{"footnotes":""},"class_list":["post-201","page","type-page","status-publish","hentry"],"_links":{"self":[{"href":"https:\/\/china-einfach.de\/index.php?rest_route=\/wp\/v2\/pages\/201"}],"collection":[{"href":"https:\/\/china-einfach.de\/index.php?rest_route=\/wp\/v2\/pages"}],"about":[{"href":"https:\/\/china-einfach.de\/index.php?rest_route=\/wp\/v2\/types\/page"}],"author":[{"embeddable":true,"href":"https:\/\/china-einfach.de\/index.php?rest_route=\/wp\/v2\/users\/4"}],"replies":[{"embeddable":true,"href":"https:\/\/china-einfach.de\/index.php?rest_route=%2Fwp%2Fv2%2Fcomments&post=201"}],"version-history":[{"count":3,"href":"https:\/\/china-einfach.de\/index.php?rest_route=\/wp\/v2\/pages\/201\/revisions"}],"predecessor-version":[{"id":212,"href":"https:\/\/china-einfach.de\/index.php?rest_route=\/wp\/v2\/pages\/201\/revisions\/212"}],"up":[{"embeddable":true,"href":"https:\/\/china-einfach.de\/index.php?rest_route=\/wp\/v2\/pages\/38"}],"wp:attachment":[{"href":"https:\/\/china-einfach.de\/index.php?rest_route=%2Fwp%2Fv2%2Fmedia&parent=201"}],"curies":[{"name":"wp","href":"https:\/\/api.w.org\/{rel}","templated":true}]}}