{"id":190,"date":"2011-11-26T19:03:17","date_gmt":"2011-11-26T18:03:17","guid":{"rendered":"http:\/\/www.china-einfach.de\/?page_id=190"},"modified":"2021-12-29T16:03:41","modified_gmt":"2021-12-29T15:03:41","slug":"chinesischdeutsch-deutsch-chinesisch","status":"publish","type":"page","link":"https:\/\/china-einfach.de\/?page_id=190","title":{"rendered":"Ch\/De &#8211; De\/Ch"},"content":{"rendered":"<ul>\n<li>Texte<\/li>\n<li>Korrespondenz<\/li>\n<li>Email-Verkehr<\/li>\n<li>Lebensl\u00e4ufe<\/li>\n<li>Namen f\u00fcr Personen\/Unternehmen<\/li>\n<li>Webseiten<\/li>\n<li>etc.<\/li>\n<\/ul>\n<p>Das Honorar richtet sich nach L\u00e4nge und Inhalt des Textes. Gerne mache ich Ihnen ein unverbindliches Angebot.<br \/>\nUm&nbsp;exakte \u00dcbersetzungen&nbsp;ins Chinesische&nbsp;zu gew\u00e4hrleisten,&nbsp;arbeite ich ggf. mit Muttersprachlern zusammen.<\/p>\n","protected":false},"excerpt":{"rendered":"<p>Texte Korrespondenz Email-Verkehr Lebensl\u00e4ufe Namen f\u00fcr Personen\/Unternehmen Webseiten etc. Das Honorar richtet sich nach L\u00e4nge und Inhalt des Textes. Gerne mache ich Ihnen ein unverbindliches Angebot. Um&nbsp;exakte \u00dcbersetzungen&nbsp;ins Chinesische&nbsp;zu gew\u00e4hrleisten,&nbsp;arbeite ich ggf. mit Muttersprachlern zusammen.<\/p>\n","protected":false},"author":4,"featured_media":0,"parent":38,"menu_order":0,"comment_status":"closed","ping_status":"closed","template":"","meta":{"footnotes":""},"class_list":["post-190","page","type-page","status-publish","hentry"],"_links":{"self":[{"href":"https:\/\/china-einfach.de\/index.php?rest_route=\/wp\/v2\/pages\/190"}],"collection":[{"href":"https:\/\/china-einfach.de\/index.php?rest_route=\/wp\/v2\/pages"}],"about":[{"href":"https:\/\/china-einfach.de\/index.php?rest_route=\/wp\/v2\/types\/page"}],"author":[{"embeddable":true,"href":"https:\/\/china-einfach.de\/index.php?rest_route=\/wp\/v2\/users\/4"}],"replies":[{"embeddable":true,"href":"https:\/\/china-einfach.de\/index.php?rest_route=%2Fwp%2Fv2%2Fcomments&post=190"}],"version-history":[{"count":10,"href":"https:\/\/china-einfach.de\/index.php?rest_route=\/wp\/v2\/pages\/190\/revisions"}],"predecessor-version":[{"id":856,"href":"https:\/\/china-einfach.de\/index.php?rest_route=\/wp\/v2\/pages\/190\/revisions\/856"}],"up":[{"embeddable":true,"href":"https:\/\/china-einfach.de\/index.php?rest_route=\/wp\/v2\/pages\/38"}],"wp:attachment":[{"href":"https:\/\/china-einfach.de\/index.php?rest_route=%2Fwp%2Fv2%2Fmedia&parent=190"}],"curies":[{"name":"wp","href":"https:\/\/api.w.org\/{rel}","templated":true}]}}