{"id":169,"date":"2011-11-25T23:08:17","date_gmt":"2011-11-25T22:08:17","guid":{"rendered":"http:\/\/www.china-einfach.de\/?page_id=169"},"modified":"2024-11-03T15:20:07","modified_gmt":"2024-11-03T14:20:07","slug":"referenzen","status":"publish","type":"page","link":"https:\/\/china-einfach.de\/?page_id=169","title":{"rendered":"Referenzen"},"content":{"rendered":"<h4>Sprachunterricht \/ Seminare (Auswahl):<\/h4>\n<ul>\n<li>\u00e9cole nicole &#8211; Schule f\u00fcr Sprachen<\/li>\n<li>Hochschule D\u00fcsseldorf (HSD)<\/li>\n<li>Hochschule Niederrhein<\/li>\n<li>Hochschule Ruhr West<\/li>\n<li>KERN AG<\/li>\n<li>LSI &#8211; Landsspracheninstitut in der Ruhr-Universit\u00e4t Bochum<\/li>\n<li>RAG Mining Solutions<\/li>\n<li>REMONDIS Industrie Service GmbH &amp; Co. KG<\/li>\n<li>T\u00fcV NORD Bildung GmbH &amp; Co. KG<\/li>\n<li>Universit\u00e4t Hamburg, Asien-Afrika-Institut (AAI)<\/li>\n<li>Volkshochschule Essen<\/li>\n<\/ul>\n<h4>Projekte:<\/h4>\n<ul>\n<li>Sprachkalender Chinesisch, Buske Verlag, Hamburg (2017,\u00a0 2018)<\/li>\n<\/ul>\n<ul>\n<li>Mitarbeit an der \u00dcbersetzung des Buches:<br \/>\n\u753b\u8c08\u6f5c\u56ed \u2013 \u201cQian Yuan \u2013 Chinesische Gartenkunst in Bochum\u201d von Prof. Zhang Zhenshan<\/li>\n<li>Astur GmbH &#8211; Begleitung von Kinder- und Jugendgruppen aus China auf Rundreisen durch Deutschland und Europa<\/li>\n<\/ul>\n","protected":false},"excerpt":{"rendered":"<p>Sprachunterricht \/ Seminare (Auswahl): \u00e9cole nicole &#8211; Schule f\u00fcr Sprachen Hochschule D\u00fcsseldorf (HSD) Hochschule Niederrhein Hochschule Ruhr West KERN AG LSI &#8211; Landsspracheninstitut in der Ruhr-Universit\u00e4t Bochum RAG Mining Solutions REMONDIS Industrie Service GmbH &amp; Co. KG T\u00fcV NORD Bildung GmbH &amp; Co. KG Universit\u00e4t Hamburg, Asien-Afrika-Institut (AAI) Volkshochschule Essen Projekte: Sprachkalender Chinesisch, Buske Verlag, [&hellip;]<\/p>\n","protected":false},"author":4,"featured_media":0,"parent":0,"menu_order":6,"comment_status":"closed","ping_status":"closed","template":"","meta":{"footnotes":""},"class_list":["post-169","page","type-page","status-publish","hentry"],"_links":{"self":[{"href":"https:\/\/china-einfach.de\/index.php?rest_route=\/wp\/v2\/pages\/169"}],"collection":[{"href":"https:\/\/china-einfach.de\/index.php?rest_route=\/wp\/v2\/pages"}],"about":[{"href":"https:\/\/china-einfach.de\/index.php?rest_route=\/wp\/v2\/types\/page"}],"author":[{"embeddable":true,"href":"https:\/\/china-einfach.de\/index.php?rest_route=\/wp\/v2\/users\/4"}],"replies":[{"embeddable":true,"href":"https:\/\/china-einfach.de\/index.php?rest_route=%2Fwp%2Fv2%2Fcomments&post=169"}],"version-history":[{"count":50,"href":"https:\/\/china-einfach.de\/index.php?rest_route=\/wp\/v2\/pages\/169\/revisions"}],"predecessor-version":[{"id":899,"href":"https:\/\/china-einfach.de\/index.php?rest_route=\/wp\/v2\/pages\/169\/revisions\/899"}],"wp:attachment":[{"href":"https:\/\/china-einfach.de\/index.php?rest_route=%2Fwp%2Fv2%2Fmedia&parent=169"}],"curies":[{"name":"wp","href":"https:\/\/api.w.org\/{rel}","templated":true}]}}